{"id":10,"date":"2024-03-02T11:06:45","date_gmt":"2024-03-02T11:06:45","guid":{"rendered":"https:\/\/duduk-rocks.com\/?page_id=10"},"modified":"2026-02-06T11:58:38","modified_gmt":"2026-02-06T10:58:38","slug":"professional-duduks","status":"publish","type":"page","link":"https:\/\/duduk-rocks.com\/de\/","title":{"rendered":"Heim"},"content":{"rendered":"<p>professional Armenian Duduk In recent decades, the duduk has gained its popularity and fanbase outside of its traditional settings and countries.<br>Heute ist es weltweit bekannt und beliebt und wird in Soundtracks, Esoterik, Jazz und Entspannungsmusik verwendet.<\/p>\n\n\n\n<p>Entdecken Sie die reichen und emotionalen Kl\u00e4nge, die seit Generationen erklingen, und entdecken Sie unsere Kollektion handgefertigter Duduks, die von unseren ausgew\u00e4hlten Meistern mit Pr\u00e4zision und Leidenschaft hergestellt werden.<\/p>\n\n\n\n<p>As the world&#8217;s largest distributor and dealer of professional duduks, Duduk.Rocks, based in Germany, offers a wide range of duduks that provide a unique and satisfying experience for true duduk lovers and professionals.<\/p>\n\n\n\n<p>We are deeply committed to protecting Armenia&#8217;s national instrument, supporting its masters, and preserving its rich tradition for generations.<br><br><br>Unsere Leidenschaft treibt uns an, daf\u00fcr zu sorgen, dass die sch\u00f6nen Melodien der Duduk die Menschen noch Jahrzehnte und Jahrhunderte begeistern und faszinieren.<\/p>\n\n\n\n<p><\/p>","protected":false},"excerpt":{"rendered":"<p>professional Armenian Duduk In recent decades, the duduk has gained its popularity and fanbase outside of its traditional settings and countries.It is now known and loved worldwide and is used in soundtracks, esoteric, jazz, and relaxing music styles. Discover the rich, soulful sounds that have echoed through generations, and explore our collection of handcrafted duduks, [&hellip;]<\/p>\n","protected":false},"author":2,"featured_media":0,"parent":0,"menu_order":0,"comment_status":"closed","ping_status":"closed","template":"template-home.php","meta":{"footnotes":""},"class_list":["post-10","page","type-page","status-publish","hentry"],"yoast_head":"<!-- This site is optimized with the Yoast SEO Premium plugin v26.0 (Yoast SEO v27.3) - https:\/\/yoast.com\/product\/yoast-seo-premium-wordpress\/ -->\n<title>Professionelle armenische Duduk \u2013 Duduk.Rocks Deutschland<\/title>\n<meta name=\"description\" content=\"Professionelle armenische Duduks, handgefertigt von Meistern. Authentischer Klang und schneller Versand aus Deutschland.\" \/>\n<meta name=\"robots\" content=\"index, follow, max-snippet:-1, max-image-preview:large, max-video-preview:-1\" \/>\n<link rel=\"canonical\" href=\"https:\/\/duduk-rocks.com\/de\/\" \/>\n<meta property=\"og:locale\" content=\"de_DE\" \/>\n<meta property=\"og:type\" content=\"article\" \/>\n<meta property=\"og:title\" content=\"Professional Armenian National Instruments\" \/>\n<meta property=\"og:description\" content=\"Discover handcrafted Armenian Duduks made from apricot and exotic woods. Learn about the Duduk&#039;s rich heritage and find your perfect instrument today. #DudukRocks\" \/>\n<meta property=\"og:url\" content=\"https:\/\/duduk-rocks.com\/de\/\" \/>\n<meta property=\"og:site_name\" content=\"Duduk.Rocks GbR\" \/>\n<meta property=\"article:publisher\" content=\"https:\/\/www.facebook.com\/dudukrocks\" \/>\n<meta property=\"article:modified_time\" content=\"2026-02-06T10:58:38+00:00\" \/>\n<meta property=\"og:image\" content=\"https:\/\/duduk-rocks.com\/wp-content\/uploads\/2024\/07\/A_SnakeWood.webp\" \/>\n\t<meta property=\"og:image:width\" content=\"2000\" \/>\n\t<meta property=\"og:image:height\" content=\"2002\" \/>\n\t<meta property=\"og:image:type\" content=\"image\/webp\" \/>\n<meta name=\"twitter:card\" content=\"summary_large_image\" \/>\n<meta name=\"twitter:title\" content=\"Professional Armenian National Instruments\" \/>\n<meta name=\"twitter:description\" content=\"Discover handcrafted Armenian Duduks made from apricot and exotic woods. Learn about the Duduk&#039;s rich heritage and find your perfect instrument today. #DudukRocks\" \/>\n<meta name=\"twitter:label1\" content=\"Gesch\u00e4tzte Lesezeit\" \/>\n\t<meta name=\"twitter:data1\" content=\"1\u00a0Minute\" \/>\n<script type=\"application\/ld+json\" class=\"yoast-schema-graph\">{\"@context\":\"https:\\\/\\\/schema.org\",\"@graph\":[{\"@type\":\"WebPage\",\"@id\":\"https:\\\/\\\/duduk-rocks.com\\\/\",\"url\":\"https:\\\/\\\/duduk-rocks.com\\\/\",\"name\":\"Professionelle armenische Duduk \u2013 Duduk.Rocks Deutschland\",\"isPartOf\":{\"@id\":\"https:\\\/\\\/duduk-rocks.com\\\/#website\"},\"datePublished\":\"2024-03-02T11:06:45+00:00\",\"dateModified\":\"2026-02-06T10:58:38+00:00\",\"description\":\"Professionelle armenische Duduks, handgefertigt von Meistern. Authentischer Klang und schneller Versand aus Deutschland.\",\"breadcrumb\":{\"@id\":\"https:\\\/\\\/duduk-rocks.com\\\/#breadcrumb\"},\"inLanguage\":\"de\",\"potentialAction\":[{\"@type\":\"ReadAction\",\"target\":[\"https:\\\/\\\/duduk-rocks.com\\\/\"]}]},{\"@type\":\"BreadcrumbList\",\"@id\":\"https:\\\/\\\/duduk-rocks.com\\\/#breadcrumb\",\"itemListElement\":[{\"@type\":\"ListItem\",\"position\":1,\"name\":\"Home\",\"item\":\"https:\\\/\\\/duduk-rocks.com\\\/\"},{\"@type\":\"ListItem\",\"position\":2,\"name\":\"Home\"}]},{\"@type\":\"WebSite\",\"@id\":\"https:\\\/\\\/duduk-rocks.com\\\/#website\",\"url\":\"https:\\\/\\\/duduk-rocks.com\\\/\",\"name\":\"Duduk.Rocks GbR\",\"description\":\"World&#039;s largest dealer for professional Armenian Duduks and accessories.\",\"publisher\":{\"@id\":\"https:\\\/\\\/duduk-rocks.com\\\/#organization\"},\"alternateName\":\"Professional Armenian National Instruments\",\"potentialAction\":[{\"@type\":\"SearchAction\",\"target\":{\"@type\":\"EntryPoint\",\"urlTemplate\":\"https:\\\/\\\/duduk-rocks.com\\\/?s={search_term_string}\"},\"query-input\":{\"@type\":\"PropertyValueSpecification\",\"valueRequired\":true,\"valueName\":\"search_term_string\"}}],\"inLanguage\":\"de\"},{\"@type\":\"Organization\",\"@id\":\"https:\\\/\\\/duduk-rocks.com\\\/#organization\",\"name\":\"Duduk.Rocks GbR\",\"url\":\"https:\\\/\\\/duduk-rocks.com\\\/\",\"logo\":{\"@type\":\"ImageObject\",\"inLanguage\":\"de\",\"@id\":\"https:\\\/\\\/duduk-rocks.com\\\/#\\\/schema\\\/logo\\\/image\\\/\",\"url\":\"https:\\\/\\\/duduk-rocks.com\\\/wp-content\\\/uploads\\\/2024\\\/07\\\/cropped-dudukrocks-1.png\",\"contentUrl\":\"https:\\\/\\\/duduk-rocks.com\\\/wp-content\\\/uploads\\\/2024\\\/07\\\/cropped-dudukrocks-1.png\",\"width\":512,\"height\":512,\"caption\":\"Duduk.Rocks GbR\"},\"image\":{\"@id\":\"https:\\\/\\\/duduk-rocks.com\\\/#\\\/schema\\\/logo\\\/image\\\/\"},\"sameAs\":[\"https:\\\/\\\/www.facebook.com\\\/dudukrocks\",\"https:\\\/\\\/www.instagram.com\\\/duduk.rocks\\\/\",\"https:\\\/\\\/www.youtube.com\\\/@duduk-rocks\"]}]}<\/script>\n<!-- \/ Yoast SEO Premium plugin. -->","yoast_head_json":{"title":"Professionelle armenische Duduk \u2013 Duduk.Rocks Deutschland","description":"Professionelle armenische Duduks, handgefertigt von Meistern. Authentischer Klang und schneller Versand aus Deutschland.","robots":{"index":"index","follow":"follow","max-snippet":"max-snippet:-1","max-image-preview":"max-image-preview:large","max-video-preview":"max-video-preview:-1"},"canonical":"https:\/\/duduk-rocks.com\/de\/","og_locale":"de_DE","og_type":"article","og_title":"Professional Armenian National Instruments","og_description":"Discover handcrafted Armenian Duduks made from apricot and exotic woods. Learn about the Duduk's rich heritage and find your perfect instrument today. #DudukRocks","og_url":"https:\/\/duduk-rocks.com\/de\/","og_site_name":"Duduk.Rocks GbR","article_publisher":"https:\/\/www.facebook.com\/dudukrocks","article_modified_time":"2026-02-06T10:58:38+00:00","og_image":[{"width":2000,"height":2002,"url":"https:\/\/duduk-rocks.com\/wp-content\/uploads\/2024\/07\/A_SnakeWood.webp","type":"image\/webp"}],"twitter_card":"summary_large_image","twitter_title":"Professional Armenian National Instruments","twitter_description":"Discover handcrafted Armenian Duduks made from apricot and exotic woods. Learn about the Duduk's rich heritage and find your perfect instrument today. #DudukRocks","twitter_misc":{"Gesch\u00e4tzte Lesezeit":"1\u00a0Minute"},"schema":{"@context":"https:\/\/schema.org","@graph":[{"@type":"WebPage","@id":"https:\/\/duduk-rocks.com\/","url":"https:\/\/duduk-rocks.com\/","name":"Professionelle armenische Duduk \u2013 Duduk.Rocks Deutschland","isPartOf":{"@id":"https:\/\/duduk-rocks.com\/#website"},"datePublished":"2024-03-02T11:06:45+00:00","dateModified":"2026-02-06T10:58:38+00:00","description":"Professionelle armenische Duduks, handgefertigt von Meistern. Authentischer Klang und schneller Versand aus Deutschland.","breadcrumb":{"@id":"https:\/\/duduk-rocks.com\/#breadcrumb"},"inLanguage":"de","potentialAction":[{"@type":"ReadAction","target":["https:\/\/duduk-rocks.com\/"]}]},{"@type":"BreadcrumbList","@id":"https:\/\/duduk-rocks.com\/#breadcrumb","itemListElement":[{"@type":"ListItem","position":1,"name":"Home","item":"https:\/\/duduk-rocks.com\/"},{"@type":"ListItem","position":2,"name":"Home"}]},{"@type":"WebSite","@id":"https:\/\/duduk-rocks.com\/#website","url":"https:\/\/duduk-rocks.com\/","name":"Duduk.Rocks GbR","description":"World&#039;s largest dealer for professional Armenian Duduks and accessories.","publisher":{"@id":"https:\/\/duduk-rocks.com\/#organization"},"alternateName":"Professional Armenian National Instruments","potentialAction":[{"@type":"SearchAction","target":{"@type":"EntryPoint","urlTemplate":"https:\/\/duduk-rocks.com\/?s={search_term_string}"},"query-input":{"@type":"PropertyValueSpecification","valueRequired":true,"valueName":"search_term_string"}}],"inLanguage":"de"},{"@type":"Organization","@id":"https:\/\/duduk-rocks.com\/#organization","name":"Duduk.Rocks GbR","url":"https:\/\/duduk-rocks.com\/","logo":{"@type":"ImageObject","inLanguage":"de","@id":"https:\/\/duduk-rocks.com\/#\/schema\/logo\/image\/","url":"https:\/\/duduk-rocks.com\/wp-content\/uploads\/2024\/07\/cropped-dudukrocks-1.png","contentUrl":"https:\/\/duduk-rocks.com\/wp-content\/uploads\/2024\/07\/cropped-dudukrocks-1.png","width":512,"height":512,"caption":"Duduk.Rocks GbR"},"image":{"@id":"https:\/\/duduk-rocks.com\/#\/schema\/logo\/image\/"},"sameAs":["https:\/\/www.facebook.com\/dudukrocks","https:\/\/www.instagram.com\/duduk.rocks\/","https:\/\/www.youtube.com\/@duduk-rocks"]}]}},"jetpack_sharing_enabled":true,"_links":{"self":[{"href":"https:\/\/duduk-rocks.com\/de\/wp-json\/wp\/v2\/pages\/10","targetHints":{"allow":["GET"]}}],"collection":[{"href":"https:\/\/duduk-rocks.com\/de\/wp-json\/wp\/v2\/pages"}],"about":[{"href":"https:\/\/duduk-rocks.com\/de\/wp-json\/wp\/v2\/types\/page"}],"author":[{"embeddable":true,"href":"https:\/\/duduk-rocks.com\/de\/wp-json\/wp\/v2\/users\/2"}],"replies":[{"embeddable":true,"href":"https:\/\/duduk-rocks.com\/de\/wp-json\/wp\/v2\/comments?post=10"}],"version-history":[{"count":122,"href":"https:\/\/duduk-rocks.com\/de\/wp-json\/wp\/v2\/pages\/10\/revisions"}],"predecessor-version":[{"id":1843,"href":"https:\/\/duduk-rocks.com\/de\/wp-json\/wp\/v2\/pages\/10\/revisions\/1843"}],"wp:attachment":[{"href":"https:\/\/duduk-rocks.com\/de\/wp-json\/wp\/v2\/media?parent=10"}],"curies":[{"name":"wp","href":"https:\/\/api.w.org\/{rel}","templated":true}]}}