{"id":1073,"date":"2025-03-23T20:48:02","date_gmt":"2025-03-23T19:48:02","guid":{"rendered":"https:\/\/duduk-rocks.com\/?post_type=product&#038;p=1073"},"modified":"2026-03-31T16:24:07","modified_gmt":"2026-03-31T15:24:07","slug":"chromatto-duduk-in-c","status":"publish","type":"product","link":"https:\/\/duduk-rocks.com\/de\/produkt\/chromatto-duduk-in-c\/","title":{"rendered":"Chromatto\u2122 Duduk in C | Vamelo"},"content":{"rendered":"<p class=\"p1\"><span class=\"s1\"><b>Discover why duduk players are falling in love with the Vamelo Chromatto Duduk<\/b><\/span>\u2014Armenia\u2019s soulful woodwind, now enhanced with modern chromatic scale tuning and precision drilling. Playing halftones has never been easier, opening up new expressive possibilities for musicians of all levels.<\/p>","protected":false},"excerpt":{"rendered":"<h1 class=\"p1\">Vamelo Chromatto Duduk<\/h1>\n<h2 class=\"p1\">Armenia\u2019s soulful woodwind, now with <strong>chromatic tuning for effortless halftones<\/strong> and greater musical expression.<\/h2>","protected":false},"featured_media":1080,"template":"","meta":[],"product_brand":[],"product_cat":[220,18,209],"product_tag":[182],"class_list":{"0":"post-1073","1":"product","2":"type-product","3":"status-publish","4":"has-post-thumbnail","6":"product_cat-chromatto","7":"product_cat-duduk","8":"product_cat-beginner","9":"product_tag-chromatto","10":"pa_brand-vamelo","11":"pa_craftman-vamelo","12":"pa_key-c","13":"pa_type-attr-alto","14":"pa_wood-apricot","15":"brand-vamelo","17":"first","18":"instock","19":"shipping-taxable","20":"purchasable","21":"product-type-simple"},"yoast_head":"<!-- This site is optimized with the Yoast SEO Premium plugin v26.0 (Yoast SEO v27.4) - https:\/\/yoast.com\/product\/yoast-seo-premium-wordpress\/ -->\n<title>Chromatto\u2122 Duduk in C | Vamelo - Duduk.Rocks GbR<\/title>\n<meta name=\"description\" content=\"Entdecken Sie den Vamelo Chromatto Duduk in C \u2013 Armeniens seelenvolles Holzblasinstrument, jetzt mit chromatischer Stimmung f\u00fcr m\u00fchelose Halbt\u00f6ne und gr\u00f6\u00dfere musikalische Ausdruckskraft.\" \/>\n<meta name=\"robots\" content=\"index, follow, max-snippet:-1, max-image-preview:large, max-video-preview:-1\" \/>\n<link rel=\"canonical\" href=\"https:\/\/duduk-rocks.com\/de\/produkt\/chromatto-duduk-in-c\/\" \/>\n<meta property=\"og:locale\" content=\"de_DE\" \/>\n<meta property=\"og:type\" content=\"article\" \/>\n<meta property=\"og:title\" content=\"Chromatto\u2122 Duduk in C | Vamelo\" \/>\n<meta property=\"og:description\" content=\"Entdecken Sie den Vamelo Chromatto Duduk in C \u2013 Armeniens seelenvolles Holzblasinstrument, jetzt mit chromatischer Stimmung f\u00fcr m\u00fchelose Halbt\u00f6ne und gr\u00f6\u00dfere musikalische Ausdruckskraft.\" \/>\n<meta property=\"og:url\" content=\"https:\/\/duduk-rocks.com\/de\/produkt\/chromatto-duduk-in-c\/\" \/>\n<meta property=\"og:site_name\" content=\"Duduk.Rocks GbR\" \/>\n<meta property=\"article:publisher\" content=\"https:\/\/www.facebook.com\/dudukrocks\" \/>\n<meta property=\"article:modified_time\" content=\"2026-03-31T15:24:07+00:00\" \/>\n<meta property=\"og:image\" content=\"https:\/\/duduk-rocks.com\/wp-content\/uploads\/2025\/03\/Vamelo_Chromatto_Duduk_C-1.webp\" \/>\n\t<meta property=\"og:image:width\" content=\"2000\" \/>\n\t<meta property=\"og:image:height\" content=\"2002\" \/>\n\t<meta property=\"og:image:type\" content=\"image\/webp\" \/>\n<meta name=\"twitter:card\" content=\"summary_large_image\" \/>\n<meta name=\"twitter:label1\" content=\"Gesch\u00e4tzte Lesezeit\" \/>\n\t<meta name=\"twitter:data1\" content=\"1\u00a0Minute\" \/>\n<script type=\"application\/ld+json\" class=\"yoast-schema-graph\">{\"@context\":\"https:\\\/\\\/schema.org\",\"@graph\":[{\"@type\":\"WebPage\",\"@id\":\"https:\\\/\\\/duduk-rocks.com\\\/product\\\/chromatto-duduk-in-c\\\/\",\"url\":\"https:\\\/\\\/duduk-rocks.com\\\/product\\\/chromatto-duduk-in-c\\\/\",\"name\":\"Chromatto\u2122 Duduk in C | Vamelo - Duduk.Rocks GbR\",\"isPartOf\":{\"@id\":\"https:\\\/\\\/duduk-rocks.com\\\/#website\"},\"primaryImageOfPage\":{\"@id\":\"https:\\\/\\\/duduk-rocks.com\\\/product\\\/chromatto-duduk-in-c\\\/#primaryimage\"},\"image\":{\"@id\":\"https:\\\/\\\/duduk-rocks.com\\\/product\\\/chromatto-duduk-in-c\\\/#primaryimage\"},\"thumbnailUrl\":\"https:\\\/\\\/duduk-rocks.com\\\/wp-content\\\/uploads\\\/2025\\\/03\\\/Vamelo_Chromatto_Duduk_C-1.webp\",\"datePublished\":\"2025-03-23T19:48:02+00:00\",\"dateModified\":\"2026-03-31T15:24:07+00:00\",\"description\":\"Entdecken Sie den Vamelo Chromatto Duduk in C \u2013 Armeniens seelenvolles Holzblasinstrument, jetzt mit chromatischer Stimmung f\u00fcr m\u00fchelose Halbt\u00f6ne und gr\u00f6\u00dfere musikalische Ausdruckskraft.\",\"breadcrumb\":{\"@id\":\"https:\\\/\\\/duduk-rocks.com\\\/product\\\/chromatto-duduk-in-c\\\/#breadcrumb\"},\"inLanguage\":\"de\",\"potentialAction\":[{\"@type\":\"ReadAction\",\"target\":[\"https:\\\/\\\/duduk-rocks.com\\\/product\\\/chromatto-duduk-in-c\\\/\"]}]},{\"@type\":\"ImageObject\",\"inLanguage\":\"de\",\"@id\":\"https:\\\/\\\/duduk-rocks.com\\\/product\\\/chromatto-duduk-in-c\\\/#primaryimage\",\"url\":\"https:\\\/\\\/duduk-rocks.com\\\/wp-content\\\/uploads\\\/2025\\\/03\\\/Vamelo_Chromatto_Duduk_C-1.webp\",\"contentUrl\":\"https:\\\/\\\/duduk-rocks.com\\\/wp-content\\\/uploads\\\/2025\\\/03\\\/Vamelo_Chromatto_Duduk_C-1.webp\",\"width\":2000,\"height\":2002,\"caption\":\"Vamelo_Chromatto_Duduk_C\"},{\"@type\":\"BreadcrumbList\",\"@id\":\"https:\\\/\\\/duduk-rocks.com\\\/product\\\/chromatto-duduk-in-c\\\/#breadcrumb\",\"itemListElement\":[{\"@type\":\"ListItem\",\"position\":1,\"name\":\"Home\",\"item\":\"https:\\\/\\\/duduk-rocks.com\\\/\"},{\"@type\":\"ListItem\",\"position\":2,\"name\":\"Shop\",\"item\":\"https:\\\/\\\/duduk-rocks.com\\\/shop\\\/\"},{\"@type\":\"ListItem\",\"position\":3,\"name\":\"Chromatto\u2122 Duduk in C | Vamelo\"}]},{\"@type\":\"WebSite\",\"@id\":\"https:\\\/\\\/duduk-rocks.com\\\/#website\",\"url\":\"https:\\\/\\\/duduk-rocks.com\\\/\",\"name\":\"Duduk.Rocks GbR\",\"description\":\"World&#039;s largest dealer for professional Armenian Duduks and accessories.\",\"publisher\":{\"@id\":\"https:\\\/\\\/duduk-rocks.com\\\/#organization\"},\"alternateName\":\"Professional Armenian National Instruments\",\"potentialAction\":[{\"@type\":\"SearchAction\",\"target\":{\"@type\":\"EntryPoint\",\"urlTemplate\":\"https:\\\/\\\/duduk-rocks.com\\\/?s={search_term_string}\"},\"query-input\":{\"@type\":\"PropertyValueSpecification\",\"valueRequired\":true,\"valueName\":\"search_term_string\"}}],\"inLanguage\":\"de\"},{\"@type\":\"Organization\",\"@id\":\"https:\\\/\\\/duduk-rocks.com\\\/#organization\",\"name\":\"Duduk.Rocks GbR\",\"url\":\"https:\\\/\\\/duduk-rocks.com\\\/\",\"logo\":{\"@type\":\"ImageObject\",\"inLanguage\":\"de\",\"@id\":\"https:\\\/\\\/duduk-rocks.com\\\/#\\\/schema\\\/logo\\\/image\\\/\",\"url\":\"https:\\\/\\\/duduk-rocks.com\\\/wp-content\\\/uploads\\\/2024\\\/07\\\/cropped-dudukrocks-1.png\",\"contentUrl\":\"https:\\\/\\\/duduk-rocks.com\\\/wp-content\\\/uploads\\\/2024\\\/07\\\/cropped-dudukrocks-1.png\",\"width\":512,\"height\":512,\"caption\":\"Duduk.Rocks GbR\"},\"image\":{\"@id\":\"https:\\\/\\\/duduk-rocks.com\\\/#\\\/schema\\\/logo\\\/image\\\/\"},\"sameAs\":[\"https:\\\/\\\/www.facebook.com\\\/dudukrocks\",\"https:\\\/\\\/www.instagram.com\\\/duduk.rocks\\\/\",\"https:\\\/\\\/www.youtube.com\\\/@duduk-rocks\"]}]}<\/script>\n<!-- \/ Yoast SEO Premium plugin. -->","yoast_head_json":{"title":"Chromatto\u2122 Duduk in C | Vamelo - Duduk.Rocks GbR","description":"Entdecken Sie den Vamelo Chromatto Duduk in C \u2013 Armeniens seelenvolles Holzblasinstrument, jetzt mit chromatischer Stimmung f\u00fcr m\u00fchelose Halbt\u00f6ne und gr\u00f6\u00dfere musikalische Ausdruckskraft.","robots":{"index":"index","follow":"follow","max-snippet":"max-snippet:-1","max-image-preview":"max-image-preview:large","max-video-preview":"max-video-preview:-1"},"canonical":"https:\/\/duduk-rocks.com\/de\/produkt\/chromatto-duduk-in-c\/","og_locale":"de_DE","og_type":"article","og_title":"Chromatto\u2122 Duduk in C | Vamelo","og_description":"Entdecken Sie den Vamelo Chromatto Duduk in C \u2013 Armeniens seelenvolles Holzblasinstrument, jetzt mit chromatischer Stimmung f\u00fcr m\u00fchelose Halbt\u00f6ne und gr\u00f6\u00dfere musikalische Ausdruckskraft.","og_url":"https:\/\/duduk-rocks.com\/de\/produkt\/chromatto-duduk-in-c\/","og_site_name":"Duduk.Rocks GbR","article_publisher":"https:\/\/www.facebook.com\/dudukrocks","article_modified_time":"2026-03-31T15:24:07+00:00","og_image":[{"width":2000,"height":2002,"url":"https:\/\/duduk-rocks.com\/wp-content\/uploads\/2025\/03\/Vamelo_Chromatto_Duduk_C-1.webp","type":"image\/webp"}],"twitter_card":"summary_large_image","twitter_misc":{"Gesch\u00e4tzte Lesezeit":"1\u00a0Minute"},"schema":{"@context":"https:\/\/schema.org","@graph":[{"@type":"WebPage","@id":"https:\/\/duduk-rocks.com\/product\/chromatto-duduk-in-c\/","url":"https:\/\/duduk-rocks.com\/product\/chromatto-duduk-in-c\/","name":"Chromatto\u2122 Duduk in C | Vamelo - Duduk.Rocks GbR","isPartOf":{"@id":"https:\/\/duduk-rocks.com\/#website"},"primaryImageOfPage":{"@id":"https:\/\/duduk-rocks.com\/product\/chromatto-duduk-in-c\/#primaryimage"},"image":{"@id":"https:\/\/duduk-rocks.com\/product\/chromatto-duduk-in-c\/#primaryimage"},"thumbnailUrl":"https:\/\/duduk-rocks.com\/wp-content\/uploads\/2025\/03\/Vamelo_Chromatto_Duduk_C-1.webp","datePublished":"2025-03-23T19:48:02+00:00","dateModified":"2026-03-31T15:24:07+00:00","description":"Entdecken Sie den Vamelo Chromatto Duduk in C \u2013 Armeniens seelenvolles Holzblasinstrument, jetzt mit chromatischer Stimmung f\u00fcr m\u00fchelose Halbt\u00f6ne und gr\u00f6\u00dfere musikalische Ausdruckskraft.","breadcrumb":{"@id":"https:\/\/duduk-rocks.com\/product\/chromatto-duduk-in-c\/#breadcrumb"},"inLanguage":"de","potentialAction":[{"@type":"ReadAction","target":["https:\/\/duduk-rocks.com\/product\/chromatto-duduk-in-c\/"]}]},{"@type":"ImageObject","inLanguage":"de","@id":"https:\/\/duduk-rocks.com\/product\/chromatto-duduk-in-c\/#primaryimage","url":"https:\/\/duduk-rocks.com\/wp-content\/uploads\/2025\/03\/Vamelo_Chromatto_Duduk_C-1.webp","contentUrl":"https:\/\/duduk-rocks.com\/wp-content\/uploads\/2025\/03\/Vamelo_Chromatto_Duduk_C-1.webp","width":2000,"height":2002,"caption":"Vamelo_Chromatto_Duduk_C"},{"@type":"BreadcrumbList","@id":"https:\/\/duduk-rocks.com\/product\/chromatto-duduk-in-c\/#breadcrumb","itemListElement":[{"@type":"ListItem","position":1,"name":"Home","item":"https:\/\/duduk-rocks.com\/"},{"@type":"ListItem","position":2,"name":"Shop","item":"https:\/\/duduk-rocks.com\/shop\/"},{"@type":"ListItem","position":3,"name":"Chromatto\u2122 Duduk in C | Vamelo"}]},{"@type":"WebSite","@id":"https:\/\/duduk-rocks.com\/#website","url":"https:\/\/duduk-rocks.com\/","name":"Duduk.Rocks GbR","description":"World&#039;s largest dealer for professional Armenian Duduks and accessories.","publisher":{"@id":"https:\/\/duduk-rocks.com\/#organization"},"alternateName":"Professional Armenian National Instruments","potentialAction":[{"@type":"SearchAction","target":{"@type":"EntryPoint","urlTemplate":"https:\/\/duduk-rocks.com\/?s={search_term_string}"},"query-input":{"@type":"PropertyValueSpecification","valueRequired":true,"valueName":"search_term_string"}}],"inLanguage":"de"},{"@type":"Organization","@id":"https:\/\/duduk-rocks.com\/#organization","name":"Duduk.Rocks GbR","url":"https:\/\/duduk-rocks.com\/","logo":{"@type":"ImageObject","inLanguage":"de","@id":"https:\/\/duduk-rocks.com\/#\/schema\/logo\/image\/","url":"https:\/\/duduk-rocks.com\/wp-content\/uploads\/2024\/07\/cropped-dudukrocks-1.png","contentUrl":"https:\/\/duduk-rocks.com\/wp-content\/uploads\/2024\/07\/cropped-dudukrocks-1.png","width":512,"height":512,"caption":"Duduk.Rocks GbR"},"image":{"@id":"https:\/\/duduk-rocks.com\/#\/schema\/logo\/image\/"},"sameAs":["https:\/\/www.facebook.com\/dudukrocks","https:\/\/www.instagram.com\/duduk.rocks\/","https:\/\/www.youtube.com\/@duduk-rocks"]}]}},"jetpack_sharing_enabled":true,"_links":{"self":[{"href":"https:\/\/duduk-rocks.com\/de\/wp-json\/wp\/v2\/product\/1073","targetHints":{"allow":["GET"]}}],"collection":[{"href":"https:\/\/duduk-rocks.com\/de\/wp-json\/wp\/v2\/product"}],"about":[{"href":"https:\/\/duduk-rocks.com\/de\/wp-json\/wp\/v2\/types\/product"}],"wp:featuredmedia":[{"embeddable":true,"href":"https:\/\/duduk-rocks.com\/de\/wp-json\/wp\/v2\/media\/1080"}],"wp:attachment":[{"href":"https:\/\/duduk-rocks.com\/de\/wp-json\/wp\/v2\/media?parent=1073"}],"wp:term":[{"taxonomy":"product_brand","embeddable":true,"href":"https:\/\/duduk-rocks.com\/de\/wp-json\/wp\/v2\/product_brand?post=1073"},{"taxonomy":"product_cat","embeddable":true,"href":"https:\/\/duduk-rocks.com\/de\/wp-json\/wp\/v2\/product_cat?post=1073"},{"taxonomy":"product_tag","embeddable":true,"href":"https:\/\/duduk-rocks.com\/de\/wp-json\/wp\/v2\/product_tag?post=1073"}],"curies":[{"name":"wp","href":"https:\/\/api.w.org\/{rel}","templated":true}]}}